{"id":18,"date":"2024-02-22T03:10:22","date_gmt":"2024-02-22T03:10:22","guid":{"rendered":"https:\/\/geosoft.com.ar\/?page_id=18"},"modified":"2024-02-22T03:10:22","modified_gmt":"2024-02-22T03:10:22","slug":"geosistema","status":"publish","type":"page","link":"https:\/\/geosoft.com.ar\/index.php\/geosistema\/","title":{"rendered":"GeoSistema"},"content":{"rendered":"\n<h2 class=\"wp-block-heading has-text-color has-link-color wp-elements-404c55f05f2246794267eba8312bae3f\" style=\"color:#87db19\">GeoSistema<\/h2>\n\n\n\n<p>GEOSISTEMA | Es una s\u00f3lida soluci\u00f3n ERP dise\u00f1ada para ayudarle a mejorar el rendimiento empresarial ofreci\u00e9ndoles una visi\u00f3n 360\u00b0 de las actividades y operaciones de su empresa<\/p>\n\n\n\n<p>Es un completo sistema de planificaci\u00f3n de recursos que integra, conecta en red y act\u00faa en tiempo real para cubrir todos los aspectos de la trazabilidad de los productos, proporciona informaci\u00f3n a todas las partes de la organizaci\u00f3n simult\u00e1neamente. Requiere un enfoque de trabajo en equipo.<\/p>\n\n\n\n<p><\/p>\n\n\n\n<div class=\"wp-block-media-text alignwide has-media-on-the-right is-stacked-on-mobile is-vertically-aligned-center has-electric-grass-gradient-background has-background\" style=\"grid-template-columns:auto 38%\"><div class=\"wp-block-media-text__content\">\n<div class=\"wp-block-group is-layout-flow wp-block-group-is-layout-flow\" style=\"padding-top:2em;padding-right:2em;padding-bottom:2em;padding-left:2em\">\n<p class=\"has-text-align-left has-extra-small-font-size\">              <\/p>\n\n\n\n<p class=\"has-text-align-left has-extra-small-font-size\">&#8211;<strong>M\u00d3DULO COMPRAS<\/strong><\/p>\n\n\n\n<ul class=\"wp-block-list\" style=\"font-size:36px\">\n<li style=\"font-size:20px\">Ingreso de Art\u00edculos<\/li>\n\n\n\n<li style=\"font-size:20px\">\u00d3rdenes de Pago<\/li>\n\n\n\n<li style=\"font-size:20px\">Cuenta Corriente Proveedores<\/li>\n\n\n\n<li style=\"font-size:20px\">Control de Stock Materia Prima<\/li>\n\n\n\n<li style=\"font-size:20px\">Informes Estad\u00edsticas<\/li>\n<\/ul>\n<\/div>\n<\/div><figure class=\"wp-block-media-text__media\"><img loading=\"lazy\" decoding=\"async\" width=\"1024\" height=\"859\" src=\"https:\/\/geosoft.com.ar\/wp-content\/uploads\/2024\/02\/ORDEN-DE-PAGO-1024x859.png\" alt=\"\" class=\"wp-image-71 size-full\" srcset=\"https:\/\/geosoft.com.ar\/wp-content\/uploads\/2024\/02\/ORDEN-DE-PAGO-1024x859.png 1024w, https:\/\/geosoft.com.ar\/wp-content\/uploads\/2024\/02\/ORDEN-DE-PAGO-300x252.png 300w, https:\/\/geosoft.com.ar\/wp-content\/uploads\/2024\/02\/ORDEN-DE-PAGO-768x644.png 768w, https:\/\/geosoft.com.ar\/wp-content\/uploads\/2024\/02\/ORDEN-DE-PAGO-1536x1288.png 1536w, https:\/\/geosoft.com.ar\/wp-content\/uploads\/2024\/02\/ORDEN-DE-PAGO-2048x1718.png 2048w, https:\/\/geosoft.com.ar\/wp-content\/uploads\/2024\/02\/ORDEN-DE-PAGO-1000x839.png 1000w, https:\/\/geosoft.com.ar\/wp-content\/uploads\/2024\/02\/ORDEN-DE-PAGO-230x193.png 230w, https:\/\/geosoft.com.ar\/wp-content\/uploads\/2024\/02\/ORDEN-DE-PAGO-350x294.png 350w, https:\/\/geosoft.com.ar\/wp-content\/uploads\/2024\/02\/ORDEN-DE-PAGO-480x403.png 480w\" sizes=\"auto, (max-width: 1024px) 100vw, 1024px\" \/><\/figure><\/div>\n\n\n\n<div class=\"wp-block-media-text alignwide is-stacked-on-mobile is-vertically-aligned-center has-electric-grass-gradient-background has-background\" style=\"grid-template-columns:38% auto\"><figure class=\"wp-block-media-text__media\"><img loading=\"lazy\" decoding=\"async\" width=\"1024\" height=\"859\" src=\"https:\/\/geosoft.com.ar\/wp-content\/uploads\/2024\/02\/VENTAS-ORDENADOR-1024x859.png\" alt=\"\" class=\"wp-image-72 size-full\" srcset=\"https:\/\/geosoft.com.ar\/wp-content\/uploads\/2024\/02\/VENTAS-ORDENADOR-1024x859.png 1024w, https:\/\/geosoft.com.ar\/wp-content\/uploads\/2024\/02\/VENTAS-ORDENADOR-300x252.png 300w, https:\/\/geosoft.com.ar\/wp-content\/uploads\/2024\/02\/VENTAS-ORDENADOR-768x644.png 768w, https:\/\/geosoft.com.ar\/wp-content\/uploads\/2024\/02\/VENTAS-ORDENADOR-1536x1288.png 1536w, https:\/\/geosoft.com.ar\/wp-content\/uploads\/2024\/02\/VENTAS-ORDENADOR-2048x1718.png 2048w, https:\/\/geosoft.com.ar\/wp-content\/uploads\/2024\/02\/VENTAS-ORDENADOR-1000x839.png 1000w, https:\/\/geosoft.com.ar\/wp-content\/uploads\/2024\/02\/VENTAS-ORDENADOR-230x193.png 230w, https:\/\/geosoft.com.ar\/wp-content\/uploads\/2024\/02\/VENTAS-ORDENADOR-350x294.png 350w, https:\/\/geosoft.com.ar\/wp-content\/uploads\/2024\/02\/VENTAS-ORDENADOR-480x403.png 480w\" sizes=\"auto, (max-width: 1024px) 100vw, 1024px\" \/><\/figure><div class=\"wp-block-media-text__content\">\n<div class=\"wp-block-group is-layout-flow wp-block-group-is-layout-flow\" style=\"padding-top:2em;padding-right:2em;padding-bottom:2em;padding-left:2em\">\n<pre class=\"wp-block-code alignwide\"><code>- <strong>M\u00d3DULO VENTAS<\/strong><\/code><\/pre>\n\n\n\n<ul class=\"wp-block-list\">\n<li>Remitos a Clientes<\/li>\n\n\n\n<li>Ordenes de Pedido de Clientes<\/li>\n\n\n\n<li>Cuenta Corriente Clientes<\/li>\n\n\n\n<li>Cobranzas<\/li>\n\n\n\n<li>Informes Estad\u00edsticas<\/li>\n<\/ul>\n\n\n\n<p class=\"has-extra-small-font-size\">\u2013 <strong>M\u00d3DULO GASTOS<\/strong><\/p>\n\n\n\n<ul class=\"wp-block-list\">\n<li>Registraci\u00f3n de Gastos, a trav\u00e9s de Compras u \u00d3rdenes de Pago<\/li>\n<\/ul>\n<\/div>\n<\/div><\/div>\n\n\n\n<div class=\"wp-block-media-text alignwide has-media-on-the-right is-stacked-on-mobile has-electric-grass-gradient-background has-background\" style=\"grid-template-columns:auto 38%\"><div class=\"wp-block-media-text__content\">\n<p><\/p>\n\n\n\n<p>&#8211; <strong>M\u00d3DULO TESORER\u00cdA<\/strong><\/p>\n\n\n\n<ul class=\"wp-block-list\">\n<li>Conciliaci\u00f3n de Caja<\/li>\n\n\n\n<li>\u00d3rdenes de Pago<\/li>\n\n\n\n<li>Cheques en Cartera<\/li>\n\n\n\n<li>Control de Cheques emitidos<\/li>\n\n\n\n<li>Conciliaci\u00f3n Bancaria<\/li>\n<\/ul>\n\n\n\n<p><\/p>\n\n\n\n<p><\/p>\n<\/div><figure class=\"wp-block-media-text__media\"><img loading=\"lazy\" decoding=\"async\" width=\"1024\" height=\"859\" src=\"https:\/\/geosoft.com.ar\/wp-content\/uploads\/2024\/02\/TESORERIA-1024x859.png\" alt=\"\" class=\"wp-image-73 size-full\" srcset=\"https:\/\/geosoft.com.ar\/wp-content\/uploads\/2024\/02\/TESORERIA-1024x859.png 1024w, https:\/\/geosoft.com.ar\/wp-content\/uploads\/2024\/02\/TESORERIA-300x252.png 300w, https:\/\/geosoft.com.ar\/wp-content\/uploads\/2024\/02\/TESORERIA-768x644.png 768w, https:\/\/geosoft.com.ar\/wp-content\/uploads\/2024\/02\/TESORERIA-1536x1288.png 1536w, https:\/\/geosoft.com.ar\/wp-content\/uploads\/2024\/02\/TESORERIA-2048x1718.png 2048w, https:\/\/geosoft.com.ar\/wp-content\/uploads\/2024\/02\/TESORERIA-1000x839.png 1000w, https:\/\/geosoft.com.ar\/wp-content\/uploads\/2024\/02\/TESORERIA-230x193.png 230w, https:\/\/geosoft.com.ar\/wp-content\/uploads\/2024\/02\/TESORERIA-350x294.png 350w, https:\/\/geosoft.com.ar\/wp-content\/uploads\/2024\/02\/TESORERIA-480x403.png 480w\" sizes=\"auto, (max-width: 1024px) 100vw, 1024px\" \/><\/figure><\/div>\n\n\n\n<div class=\"wp-block-media-text alignwide is-stacked-on-mobile has-background\" style=\"background:linear-gradient(240deg,rgb(202,248,128) 0%,rgb(113,206,126) 100%);grid-template-columns:38% auto\"><figure class=\"wp-block-media-text__media\"><img loading=\"lazy\" decoding=\"async\" width=\"1024\" height=\"859\" src=\"https:\/\/geosoft.com.ar\/wp-content\/uploads\/2024\/02\/ARCHIVOS-ORDENADOR-1024x859.png\" alt=\"\" class=\"wp-image-74 size-full\" srcset=\"https:\/\/geosoft.com.ar\/wp-content\/uploads\/2024\/02\/ARCHIVOS-ORDENADOR-1024x859.png 1024w, https:\/\/geosoft.com.ar\/wp-content\/uploads\/2024\/02\/ARCHIVOS-ORDENADOR-300x252.png 300w, https:\/\/geosoft.com.ar\/wp-content\/uploads\/2024\/02\/ARCHIVOS-ORDENADOR-768x644.png 768w, https:\/\/geosoft.com.ar\/wp-content\/uploads\/2024\/02\/ARCHIVOS-ORDENADOR-1536x1288.png 1536w, https:\/\/geosoft.com.ar\/wp-content\/uploads\/2024\/02\/ARCHIVOS-ORDENADOR-2048x1718.png 2048w, https:\/\/geosoft.com.ar\/wp-content\/uploads\/2024\/02\/ARCHIVOS-ORDENADOR-1000x839.png 1000w, https:\/\/geosoft.com.ar\/wp-content\/uploads\/2024\/02\/ARCHIVOS-ORDENADOR-230x193.png 230w, https:\/\/geosoft.com.ar\/wp-content\/uploads\/2024\/02\/ARCHIVOS-ORDENADOR-350x294.png 350w, https:\/\/geosoft.com.ar\/wp-content\/uploads\/2024\/02\/ARCHIVOS-ORDENADOR-480x403.png 480w\" sizes=\"auto, (max-width: 1024px) 100vw, 1024px\" \/><\/figure><div class=\"wp-block-media-text__content\">\n<p><\/p>\n\n\n\n<p>&#8211; <strong>ARCHIVOS<\/strong><\/p>\n\n\n\n<ul class=\"wp-block-list\">\n<li>Gustos de Helados (Formulas, Costos)<\/li>\n\n\n\n<li>Productos de Venta x Unid (Formulas, Costos)<\/li>\n\n\n\n<li>Bases de Helados<\/li>\n\n\n\n<li>Productos de Pasteler\u00eda<\/li>\n\n\n\n<li>Insumos de Reventa a Clientes<\/li>\n\n\n\n<li>Materias Primas<\/li>\n\n\n\n<li>Mercader\u00eda de Reventa<\/li>\n<\/ul>\n\n\n\n<p><\/p>\n\n\n\n<p><\/p>\n<\/div><\/div>\n\n\n\n<div class=\"wp-block-media-text alignwide has-media-on-the-right is-stacked-on-mobile has-electric-grass-gradient-background has-background\" style=\"grid-template-columns:auto 38%\"><div class=\"wp-block-media-text__content\">\n<p><\/p>\n\n\n\n<p>&#8211; <strong>M\u00d3DULO PRODUCCI\u00d3N<\/strong><\/p>\n\n\n\n<ul class=\"wp-block-list\">\n<li>Control de Trazabilidad entre la Producci\u00f3n y el Despacho.<\/li>\n\n\n\n<li>Armado de Remitos a Clientes<\/li>\n\n\n\n<li>Listas de Precios diferenciadas<\/li>\n\n\n\n<li>Control de Pedidos realizados por los Clientes<\/li>\n\n\n\n<li>Ordenes de Producci\u00f3n, de Bases como de Helados<\/li>\n\n\n\n<li>Control de Trazabilidad para la Materia Prima<\/li>\n\n\n\n<li>Control de Stock para Helados, Productos, Insumos, Pasteler\u00eda<\/li>\n<\/ul>\n\n\n\n<p><\/p>\n<\/div><figure class=\"wp-block-media-text__media\"><img loading=\"lazy\" decoding=\"async\" width=\"1024\" height=\"859\" src=\"https:\/\/geosoft.com.ar\/wp-content\/uploads\/2024\/02\/PRODUCCION-ORDENADOR-1024x859.png\" alt=\"\" class=\"wp-image-75 size-full\" srcset=\"https:\/\/geosoft.com.ar\/wp-content\/uploads\/2024\/02\/PRODUCCION-ORDENADOR-1024x859.png 1024w, https:\/\/geosoft.com.ar\/wp-content\/uploads\/2024\/02\/PRODUCCION-ORDENADOR-300x252.png 300w, https:\/\/geosoft.com.ar\/wp-content\/uploads\/2024\/02\/PRODUCCION-ORDENADOR-768x644.png 768w, https:\/\/geosoft.com.ar\/wp-content\/uploads\/2024\/02\/PRODUCCION-ORDENADOR-1536x1288.png 1536w, https:\/\/geosoft.com.ar\/wp-content\/uploads\/2024\/02\/PRODUCCION-ORDENADOR-2048x1718.png 2048w, https:\/\/geosoft.com.ar\/wp-content\/uploads\/2024\/02\/PRODUCCION-ORDENADOR-1000x839.png 1000w, https:\/\/geosoft.com.ar\/wp-content\/uploads\/2024\/02\/PRODUCCION-ORDENADOR-230x193.png 230w, https:\/\/geosoft.com.ar\/wp-content\/uploads\/2024\/02\/PRODUCCION-ORDENADOR-350x294.png 350w, https:\/\/geosoft.com.ar\/wp-content\/uploads\/2024\/02\/PRODUCCION-ORDENADOR-480x403.png 480w\" sizes=\"auto, (max-width: 1024px) 100vw, 1024px\" \/><\/figure><\/div>\n\n\n\n<div class=\"wp-block-media-text alignwide is-stacked-on-mobile has-background\" style=\"background:linear-gradient(228deg,rgb(202,248,128) 0%,rgb(113,206,126) 100%);grid-template-columns:38% auto\"><figure class=\"wp-block-media-text__media\"><img loading=\"lazy\" decoding=\"async\" width=\"1024\" height=\"859\" src=\"https:\/\/geosoft.com.ar\/wp-content\/uploads\/2024\/02\/INFORME-DE-INSUMOS-1024x859.png\" alt=\"\" class=\"wp-image-76 size-full\" srcset=\"https:\/\/geosoft.com.ar\/wp-content\/uploads\/2024\/02\/INFORME-DE-INSUMOS-1024x859.png 1024w, https:\/\/geosoft.com.ar\/wp-content\/uploads\/2024\/02\/INFORME-DE-INSUMOS-300x252.png 300w, https:\/\/geosoft.com.ar\/wp-content\/uploads\/2024\/02\/INFORME-DE-INSUMOS-768x644.png 768w, https:\/\/geosoft.com.ar\/wp-content\/uploads\/2024\/02\/INFORME-DE-INSUMOS-1536x1288.png 1536w, https:\/\/geosoft.com.ar\/wp-content\/uploads\/2024\/02\/INFORME-DE-INSUMOS-2048x1718.png 2048w, https:\/\/geosoft.com.ar\/wp-content\/uploads\/2024\/02\/INFORME-DE-INSUMOS-1000x839.png 1000w, https:\/\/geosoft.com.ar\/wp-content\/uploads\/2024\/02\/INFORME-DE-INSUMOS-230x193.png 230w, https:\/\/geosoft.com.ar\/wp-content\/uploads\/2024\/02\/INFORME-DE-INSUMOS-350x294.png 350w, https:\/\/geosoft.com.ar\/wp-content\/uploads\/2024\/02\/INFORME-DE-INSUMOS-480x403.png 480w\" sizes=\"auto, (max-width: 1024px) 100vw, 1024px\" \/><\/figure><div class=\"wp-block-media-text__content\">\n<p><\/p>\n\n\n\n<p>&#8211; <strong>INFORMES<\/strong><\/p>\n\n\n\n<ul class=\"wp-block-list\">\n<li>Informes Varios de Producci\u00f3n<\/li>\n\n\n\n<li>Informes Varios de Ventas<\/li>\n\n\n\n<li>Informes Varios de Compras<\/li>\n\n\n\n<li>Informes de Costos<\/li>\n<\/ul>\n\n\n\n<p><\/p>\n\n\n\n<p><\/p>\n\n\n\n<p><\/p>\n<\/div><\/div>\n\n\n\n<hr class=\"wp-block-separator has-alpha-channel-opacity is-style-wide\"\/>\n\n\n\n<div class=\"wp-block-group alignfull has-contrast-color has-text-color is-vertical is-content-justification-center is-layout-flex wp-container-core-group-is-layout-f306f087 wp-block-group-is-layout-flex\" style=\"min-height:40vh;margin-top:0;margin-bottom:0;padding-top:var(--wp--preset--spacing--60);padding-right:var(--wp--preset--spacing--50);padding-bottom:var(--wp--preset--spacing--60);padding-left:var(--wp--preset--spacing--50)\"><div style=\"margin-bottom:6px;\" class=\"is-default-size aligncenter wp-block-site-logo\"><a href=\"https:\/\/geosoft.com.ar\/\" class=\"custom-logo-link\" rel=\"home\"><img loading=\"lazy\" decoding=\"async\" width=\"348\" height=\"376\" src=\"https:\/\/geosoft.com.ar\/wp-content\/uploads\/2024\/01\/rompe-separado.png\" class=\"custom-logo\" alt=\"GeoSoft It Solution\" srcset=\"https:\/\/geosoft.com.ar\/wp-content\/uploads\/2024\/01\/rompe-separado.png 348w, https:\/\/geosoft.com.ar\/wp-content\/uploads\/2024\/01\/rompe-separado-278x300.png 278w, https:\/\/geosoft.com.ar\/wp-content\/uploads\/2024\/01\/rompe-separado-230x249.png 230w\" sizes=\"auto, (max-width: 348px) 100vw, 348px\" \/><\/a><\/div>\n\n\n<p class=\"has-text-align-center has-medium-font-size\">Derechos reservados GeoSoft s.r.l.<\/p>\n\n\n\n<ul class=\"wp-block-social-links has-normal-icon-size is-style-logos-only is-nowrap is-layout-flex wp-container-core-social-links-is-layout-65900438 wp-block-social-links-is-layout-flex\"><li class=\"wp-social-link wp-social-link-facebook  wp-block-social-link\"><a href=\"#\" class=\"wp-block-social-link-anchor\"><svg width=\"24\" height=\"24\" viewBox=\"0 0 24 24\" version=\"1.1\" xmlns=\"http:\/\/www.w3.org\/2000\/svg\" aria-hidden=\"true\" focusable=\"false\"><path d=\"M12 2C6.5 2 2 6.5 2 12c0 5 3.7 9.1 8.4 9.9v-7H7.9V12h2.5V9.8c0-2.5 1.5-3.9 3.8-3.9 1.1 0 2.2.2 2.2.2v2.5h-1.3c-1.2 0-1.6.8-1.6 1.6V12h2.8l-.4 2.9h-2.3v7C18.3 21.1 22 17 22 12c0-5.5-4.5-10-10-10z\"><\/path><\/svg><span class=\"wp-block-social-link-label screen-reader-text\">Facebook<\/span><\/a><\/li>\n\n<li class=\"wp-social-link wp-social-link-twitter  wp-block-social-link\"><a href=\"#\" class=\"wp-block-social-link-anchor\"><svg width=\"24\" height=\"24\" viewBox=\"0 0 24 24\" version=\"1.1\" xmlns=\"http:\/\/www.w3.org\/2000\/svg\" aria-hidden=\"true\" focusable=\"false\"><path d=\"M22.23,5.924c-0.736,0.326-1.527,0.547-2.357,0.646c0.847-0.508,1.498-1.312,1.804-2.27 c-0.793,0.47-1.671,0.812-2.606,0.996C18.324,4.498,17.257,4,16.077,4c-2.266,0-4.103,1.837-4.103,4.103 c0,0.322,0.036,0.635,0.106,0.935C8.67,8.867,5.647,7.234,3.623,4.751C3.27,5.357,3.067,6.062,3.067,6.814 c0,1.424,0.724,2.679,1.825,3.415c-0.673-0.021-1.305-0.206-1.859-0.513c0,0.017,0,0.034,0,0.052c0,1.988,1.414,3.647,3.292,4.023 c-0.344,0.094-0.707,0.144-1.081,0.144c-0.264,0-0.521-0.026-0.772-0.074c0.522,1.63,2.038,2.816,3.833,2.85 c-1.404,1.1-3.174,1.756-5.096,1.756c-0.331,0-0.658-0.019-0.979-0.057c1.816,1.164,3.973,1.843,6.29,1.843 c7.547,0,11.675-6.252,11.675-11.675c0-0.178-0.004-0.355-0.012-0.531C20.985,7.47,21.68,6.747,22.23,5.924z\"><\/path><\/svg><span class=\"wp-block-social-link-label screen-reader-text\">Twitter<\/span><\/a><\/li>\n\n<li class=\"wp-social-link wp-social-link-wordpress  wp-block-social-link\"><a href=\"#\" class=\"wp-block-social-link-anchor\"><svg width=\"24\" height=\"24\" viewBox=\"0 0 24 24\" version=\"1.1\" xmlns=\"http:\/\/www.w3.org\/2000\/svg\" aria-hidden=\"true\" focusable=\"false\"><path d=\"M12.158,12.786L9.46,20.625c0.806,0.237,1.657,0.366,2.54,0.366c1.047,0,2.051-0.181,2.986-0.51 c-0.024-0.038-0.046-0.079-0.065-0.124L12.158,12.786z M3.009,12c0,3.559,2.068,6.634,5.067,8.092L3.788,8.341 C3.289,9.459,3.009,10.696,3.009,12z M18.069,11.546c0-1.112-0.399-1.881-0.741-2.48c-0.456-0.741-0.883-1.368-0.883-2.109 c0-0.826,0.627-1.596,1.51-1.596c0.04,0,0.078,0.005,0.116,0.007C16.472,3.904,14.34,3.009,12,3.009 c-3.141,0-5.904,1.612-7.512,4.052c0.211,0.007,0.41,0.011,0.579,0.011c0.94,0,2.396-0.114,2.396-0.114 C7.947,6.93,8.004,7.642,7.52,7.699c0,0-0.487,0.057-1.029,0.085l3.274,9.739l1.968-5.901l-1.401-3.838 C9.848,7.756,9.389,7.699,9.389,7.699C8.904,7.67,8.961,6.93,9.446,6.958c0,0,1.484,0.114,2.368,0.114 c0.94,0,2.397-0.114,2.397-0.114c0.485-0.028,0.542,0.684,0.057,0.741c0,0-0.488,0.057-1.029,0.085l3.249,9.665l0.897-2.996 C17.841,13.284,18.069,12.316,18.069,11.546z M19.889,7.686c0.039,0.286,0.06,0.593,0.06,0.924c0,0.912-0.171,1.938-0.684,3.22 l-2.746,7.94c2.673-1.558,4.47-4.454,4.47-7.771C20.991,10.436,20.591,8.967,19.889,7.686z M12,22C6.486,22,2,17.514,2,12 C2,6.486,6.486,2,12,2c5.514,0,10,4.486,10,10C22,17.514,17.514,22,12,22z\"><\/path><\/svg><span class=\"wp-block-social-link-label screen-reader-text\">WordPress<\/span><\/a><\/li><\/ul>\n<\/div>\n","protected":false},"excerpt":{"rendered":"<p>GeoSistema GEOSISTEMA | Es una s\u00f3lida soluci\u00f3n ERP dise\u00f1ada para ayudarle a mejorar el rendimiento empresarial ofreci\u00e9ndoles una visi\u00f3n 360\u00b0 de las [&hellip;]<\/p>\n","protected":false},"author":1,"featured_media":81,"parent":0,"menu_order":1,"comment_status":"closed","ping_status":"closed","template":"page-templates\/page_front-page.php","meta":{"footnotes":""},"class_list":["post-18","page","type-page","status-publish","has-post-thumbnail","hentry"],"_links":{"self":[{"href":"https:\/\/geosoft.com.ar\/index.php\/wp-json\/wp\/v2\/pages\/18","targetHints":{"allow":["GET"]}}],"collection":[{"href":"https:\/\/geosoft.com.ar\/index.php\/wp-json\/wp\/v2\/pages"}],"about":[{"href":"https:\/\/geosoft.com.ar\/index.php\/wp-json\/wp\/v2\/types\/page"}],"author":[{"embeddable":true,"href":"https:\/\/geosoft.com.ar\/index.php\/wp-json\/wp\/v2\/users\/1"}],"replies":[{"embeddable":true,"href":"https:\/\/geosoft.com.ar\/index.php\/wp-json\/wp\/v2\/comments?post=18"}],"version-history":[{"count":7,"href":"https:\/\/geosoft.com.ar\/index.php\/wp-json\/wp\/v2\/pages\/18\/revisions"}],"predecessor-version":[{"id":82,"href":"https:\/\/geosoft.com.ar\/index.php\/wp-json\/wp\/v2\/pages\/18\/revisions\/82"}],"wp:featuredmedia":[{"embeddable":true,"href":"https:\/\/geosoft.com.ar\/index.php\/wp-json\/wp\/v2\/media\/81"}],"wp:attachment":[{"href":"https:\/\/geosoft.com.ar\/index.php\/wp-json\/wp\/v2\/media?parent=18"}],"curies":[{"name":"wp","href":"https:\/\/api.w.org\/{rel}","templated":true}]}}